{"id":10,"date":"2024-02-09T13:03:51","date_gmt":"2024-02-09T13:03:51","guid":{"rendered":"https:\/\/www.nataliaannakalisz.pl\/?page_id=10"},"modified":"2024-08-01T20:23:28","modified_gmt":"2024-08-01T20:23:28","slug":"kontakt","status":"publish","type":"page","link":"https:\/\/www.nataliaannakalisz.pl\/index.php\/kontakt\/","title":{"rendered":"KONTAKT"},"content":{"rendered":"\n<div class=\"wp-block-cover alignfull\" style=\"padding-top:0;padding-right:0;padding-bottom:0;padding-left:0;min-height:730px;aspect-ratio:unset;\"><span aria-hidden=\"true\" class=\"wp-block-cover__background has-background-dim-80 has-background-dim wp-block-cover__gradient-background has-background-gradient\" style=\"background:linear-gradient(135deg,rgb(254,254,254) 17%,rgba(253,253,253,0.89) 100%)\"><\/span><img loading=\"lazy\" decoding=\"async\" width=\"800\" height=\"800\" class=\"wp-block-cover__image-background wp-image-83\" alt=\"\" src=\"https:\/\/www.nataliaannakalisz.pl\/wp-content\/uploads\/2024\/02\/papier_czerpany_cebula_z_trawa.jpg\" data-object-fit=\"cover\" srcset=\"https:\/\/www.nataliaannakalisz.pl\/wp-content\/uploads\/2024\/02\/papier_czerpany_cebula_z_trawa.jpg 800w, https:\/\/www.nataliaannakalisz.pl\/wp-content\/uploads\/2024\/02\/papier_czerpany_cebula_z_trawa-300x300.jpg 300w, https:\/\/www.nataliaannakalisz.pl\/wp-content\/uploads\/2024\/02\/papier_czerpany_cebula_z_trawa-150x150.jpg 150w, https:\/\/www.nataliaannakalisz.pl\/wp-content\/uploads\/2024\/02\/papier_czerpany_cebula_z_trawa-768x768.jpg 768w\" sizes=\"auto, (max-width: 800px) 100vw, 800px\" \/><div class=\"wp-block-cover__inner-container is-layout-flow wp-block-cover-is-layout-flow\">\n<div class=\"wp-block-group\"><div class=\"wp-block-group__inner-container is-layout-flow wp-block-group-is-layout-flow\">\n<div class=\"wp-block-columns alignwide is-layout-flex wp-container-core-columns-is-layout-9d6595d7 wp-block-columns-is-layout-flex\">\n<div class=\"wp-block-column is-layout-flow wp-block-column-is-layout-flow\"><\/div>\n\n\n\n<div class=\"wp-block-column is-layout-flow wp-block-column-is-layout-flow\"><\/div>\n\n\n\n<div class=\"wp-block-column is-vertically-aligned-top is-layout-flow wp-block-column-is-layout-flow\" style=\"flex-basis:50%\"><div class=\"wp-block-image is-style-rounded\">\n<figure class=\"alignleft size-full is-resized has-custom-border\"><img loading=\"lazy\" decoding=\"async\" width=\"681\" height=\"681\" src=\"https:\/\/www.nataliaannakalisz.pl\/wp-content\/uploads\/2024\/08\/a-mf-1-edited.jpg\" alt=\"\" class=\"wp-image-323\" style=\"border-width:1px;width:410px;height:auto\" srcset=\"https:\/\/www.nataliaannakalisz.pl\/wp-content\/uploads\/2024\/08\/a-mf-1-edited.jpg 681w, https:\/\/www.nataliaannakalisz.pl\/wp-content\/uploads\/2024\/08\/a-mf-1-edited-300x300.jpg 300w, https:\/\/www.nataliaannakalisz.pl\/wp-content\/uploads\/2024\/08\/a-mf-1-edited-150x150.jpg 150w\" sizes=\"auto, (max-width: 681px) 100vw, 681px\" \/><\/figure><\/div><\/div>\n\n\n\n<div class=\"wp-block-column is-layout-flow wp-block-column-is-layout-flow\"><\/div>\n\n\n\n<div class=\"wp-block-column is-layout-flow wp-block-column-is-layout-flow\"><\/div>\n\n\n\n<div class=\"wp-block-column is-layout-flow wp-block-column-is-layout-flow\"><\/div>\n\n\n\n<div class=\"wp-block-column is-layout-flow wp-block-column-is-layout-flow\"><\/div>\n\n\n\n<div class=\"wp-block-column is-vertically-aligned-center is-layout-flow wp-block-column-is-layout-flow\" style=\"flex-basis:50%\">\n<blockquote class=\"wp-block-quote has-text-align-right has-nv-dark-bg-color has-text-color has-link-color has-small-font-size wp-elements-d57e7d68b3a9b3d2114d339689806f42 is-layout-flow wp-block-quote-is-layout-flow\">\n<h4 class=\"wp-block-heading has-text-align-center has-nv-dark-bg-color has-text-color\" style=\"font-size:14px\">&#8222;<em>Obrazem opowiadam o sile ludzkiej ja\u017ani, odmiennych stanach \u015bwiadomo\u015bci \u2013 derealizacji za dnia i samo\u015bwiadomo\u015bci we \u015bnie. <\/em><br><em>Te dwa \u015bwiaty nieustannie przenikaj\u0105 si\u0119 we mnie, <\/em><br><em>r\u00f3wnowa\u017c\u0105 si\u0119 w mojej tw\u00f3rczo\u015bci. <\/em><br><em>Maluj\u0119 o tym, o czym \u015bni\u0119. \u015ani\u0119 o tym, o czym maluj\u0119<\/em> (&#8230;)&#8221;.<\/h4>\n<cite><strong><em>Natalia Anna Kalisz<\/em><\/strong><\/cite><\/blockquote>\n<\/div>\n\n\n\n<div class=\"wp-block-column is-layout-flow wp-block-column-is-layout-flow\">\n<div style=\"height:73px\" aria-hidden=\"true\" class=\"wp-block-spacer\"><\/div>\n<\/div>\n<\/div>\n<\/div><\/div>\n<\/div><\/div>\n\n\n\n<div class=\"wp-block-cover alignfull is-light\" style=\"min-height:775px;aspect-ratio:unset;\"><span aria-hidden=\"true\" class=\"wp-block-cover__background has-background-dim-100 has-background-dim has-background-gradient\" style=\"background:linear-gradient(135deg,rgb(255,255,255) 0%,rgba(208,208,208,0.21) 100%)\"><\/span><div class=\"wp-block-cover__inner-container is-layout-flow wp-block-cover-is-layout-flow\">\n<div class=\"wp-block-columns is-layout-flex wp-container-core-columns-is-layout-9d6595d7 wp-block-columns-is-layout-flex\">\n<div class=\"wp-block-column is-vertically-aligned-center is-layout-flow wp-block-column-is-layout-flow\" style=\"border-style:none;border-width:0px;padding-top:0;padding-right:0;padding-bottom:0;padding-left:0\">\n<div style=\"height:24px\" aria-hidden=\"true\" class=\"wp-block-spacer\"><\/div>\n\n\n\n<h4 class=\"wp-block-heading has-text-align-center has-neve-text-color-color has-text-color\">Kontakt<\/h4>\n\n\n\n<p class=\"has-text-align-center has-neve-text-color-color has-text-color\" style=\"font-size:14px\"><strong>+ 48 668 908 048<\/strong><br><strong>nataliaannakalisz@gmail.com<\/strong><\/p>\n\n\n\n<div style=\"height:24px\" aria-hidden=\"true\" class=\"wp-block-spacer\"><\/div>\n<\/div>\n\n\n\n<div class=\"wp-block-column is-layout-flow wp-block-column-is-layout-flow\">\n<figure class=\"wp-block-gallery aligncenter has-nested-images columns-default is-cropped wp-block-gallery-1 is-layout-flex wp-block-gallery-is-layout-flex\"><div class=\"wp-block-image icon-style is-style-rounded\">\n<figure class=\"alignleft size-full is-resized has-custom-border\"><img loading=\"lazy\" decoding=\"async\" width=\"1534\" height=\"1534\" data-id=\"264\" src=\"https:\/\/www.nataliaannakalisz.pl\/wp-content\/uploads\/2024\/08\/NATALIA-ANNA-KALISZ-12-min2-edited-2.jpg\" alt=\"\" class=\"wp-image-264\" style=\"border-style:none;border-width:0px;object-fit:cover;width:471px;height:auto\" srcset=\"https:\/\/www.nataliaannakalisz.pl\/wp-content\/uploads\/2024\/08\/NATALIA-ANNA-KALISZ-12-min2-edited-2.jpg 1534w, https:\/\/www.nataliaannakalisz.pl\/wp-content\/uploads\/2024\/08\/NATALIA-ANNA-KALISZ-12-min2-edited-2-300x300.jpg 300w, https:\/\/www.nataliaannakalisz.pl\/wp-content\/uploads\/2024\/08\/NATALIA-ANNA-KALISZ-12-min2-edited-2-1024x1024.jpg 1024w, https:\/\/www.nataliaannakalisz.pl\/wp-content\/uploads\/2024\/08\/NATALIA-ANNA-KALISZ-12-min2-edited-2-150x150.jpg 150w, https:\/\/www.nataliaannakalisz.pl\/wp-content\/uploads\/2024\/08\/NATALIA-ANNA-KALISZ-12-min2-edited-2-768x768.jpg 768w\" sizes=\"auto, (max-width: 1534px) 100vw, 1534px\" \/><\/figure><\/div><\/figure>\n\n\n\n<div style=\"height:24px\" aria-hidden=\"true\" class=\"wp-block-spacer\"><\/div>\n\n\n\n<p class=\"has-text-align-center has-neve-text-color-color has-text-color\" style=\"font-size:14px\"><\/p>\n\n\n\n<div style=\"height:24px\" aria-hidden=\"true\" class=\"wp-block-spacer\"><\/div>\n<\/div>\n\n\n\n<div class=\"wp-block-column is-vertically-aligned-center is-layout-flow wp-block-column-is-layout-flow\">\n<div style=\"height:24px\" aria-hidden=\"true\" class=\"wp-block-spacer\"><\/div>\n\n\n\n<h4 class=\"wp-block-heading has-text-align-center has-neve-text-color-color has-text-color\">Pracownia<\/h4>\n\n\n\n<p class=\"has-text-align-center has-neve-text-color-color has-text-color\" style=\"font-size:14px\"><strong>ul. Prz\u0119dzalniana 51\/ lok. 1U<br>90-347 \/ \u0141\u00f3d\u017a <\/strong><br><strong>Ksi\u0119\u017cy M\u0142yn<\/strong><\/p>\n<\/div>\n<\/div>\n<\/div><\/div>\n\n\n\n<div style=\"height:38px\" aria-hidden=\"true\" class=\"wp-block-spacer\"><\/div>\n\n\n\n<hr class=\"wp-block-separator has-alpha-channel-opacity has-background is-style-default\"\/>\n\n\n\n<div style=\"height:41px\" aria-hidden=\"true\" class=\"wp-block-spacer\"><\/div>\n","protected":false},"excerpt":{"rendered":"","protected":false},"author":1,"featured_media":0,"parent":0,"menu_order":0,"comment_status":"closed","ping_status":"closed","template":"","meta":{"neve_meta_sidebar":"","neve_meta_container":"","neve_meta_enable_content_width":"on","neve_meta_content_width":100,"neve_meta_title_alignment":"","neve_meta_author_avatar":"","neve_post_elements_order":"","neve_meta_disable_header":"","neve_meta_disable_footer":"","neve_meta_disable_title":"on","ngg_post_thumbnail":0,"footnotes":""},"class_list":["post-10","page","type-page","status-publish","hentry"],"_links":{"self":[{"href":"https:\/\/www.nataliaannakalisz.pl\/index.php\/wp-json\/wp\/v2\/pages\/10","targetHints":{"allow":["GET"]}}],"collection":[{"href":"https:\/\/www.nataliaannakalisz.pl\/index.php\/wp-json\/wp\/v2\/pages"}],"about":[{"href":"https:\/\/www.nataliaannakalisz.pl\/index.php\/wp-json\/wp\/v2\/types\/page"}],"author":[{"embeddable":true,"href":"https:\/\/www.nataliaannakalisz.pl\/index.php\/wp-json\/wp\/v2\/users\/1"}],"replies":[{"embeddable":true,"href":"https:\/\/www.nataliaannakalisz.pl\/index.php\/wp-json\/wp\/v2\/comments?post=10"}],"version-history":[{"count":29,"href":"https:\/\/www.nataliaannakalisz.pl\/index.php\/wp-json\/wp\/v2\/pages\/10\/revisions"}],"predecessor-version":[{"id":328,"href":"https:\/\/www.nataliaannakalisz.pl\/index.php\/wp-json\/wp\/v2\/pages\/10\/revisions\/328"}],"wp:attachment":[{"href":"https:\/\/www.nataliaannakalisz.pl\/index.php\/wp-json\/wp\/v2\/media?parent=10"}],"curies":[{"name":"wp","href":"https:\/\/api.w.org\/{rel}","templated":true}]}}