{"id":478,"date":"2024-08-05T09:38:24","date_gmt":"2024-08-05T09:38:24","guid":{"rendered":"https:\/\/www.nataliaannakalisz.pl\/?page_id=478"},"modified":"2024-08-05T11:35:25","modified_gmt":"2024-08-05T11:35:25","slug":"performance","status":"publish","type":"page","link":"https:\/\/www.nataliaannakalisz.pl\/index.php\/performance\/","title":{"rendered":"PERFORMANCE"},"content":{"rendered":"\n<div style=\"height:46px\" aria-hidden=\"true\" class=\"wp-block-spacer\"><\/div>\n\n\n\n<hr class=\"wp-block-separator has-text-color has-nv-light-bg-color has-alpha-channel-opacity has-nv-light-bg-background-color has-background\"\/>\n\n\n\n<div class=\"wp-block-columns is-layout-flex wp-container-core-columns-is-layout-9d6595d7 wp-block-columns-is-layout-flex\">\n<div class=\"wp-block-column is-layout-flow wp-block-column-is-layout-flow\" style=\"flex-basis:33.33%\">\n<hr class=\"wp-block-separator has-css-opacity is-style-default\"\/>\n\n\n<div class=\"wp-block-image is-style-rounded wp-duotone-unset-1\">\n<figure class=\"aligncenter size-full is-resized\"><img loading=\"lazy\" decoding=\"async\" width=\"279\" height=\"279\" src=\"https:\/\/www.nataliaannakalisz.pl\/wp-content\/uploads\/2024\/08\/684d8c1abf685a9e793dcb784b41-edited-3.jpeg\" alt=\"\" class=\"wp-image-532\" style=\"aspect-ratio:1;width:102px;height:auto\" srcset=\"https:\/\/www.nataliaannakalisz.pl\/wp-content\/uploads\/2024\/08\/684d8c1abf685a9e793dcb784b41-edited-3.jpeg 279w, https:\/\/www.nataliaannakalisz.pl\/wp-content\/uploads\/2024\/08\/684d8c1abf685a9e793dcb784b41-edited-3-150x150.jpeg 150w\" sizes=\"auto, (max-width: 279px) 100vw, 279px\" \/><\/figure><\/div>\n\n\n<blockquote class=\"wp-block-quote has-text-align-center is-style-large is-layout-flow wp-block-quote-is-layout-flow\">\n<p style=\"font-size:16px\"><strong>Performance &#8222;Drzewo Hekate&#8221;<\/strong><\/p>\n<cite>Malarstwo \/ Natalia Anna Kalisz<br>Alt\u00f3wka \/ Pawe\u0142 Odorowicz<\/cite><\/blockquote>\n\n\n\n<hr class=\"wp-block-separator has-css-opacity is-style-default\"\/>\n<\/div>\n\n\n\n<div class=\"wp-block-column is-layout-flow wp-block-column-is-layout-flow\" style=\"flex-basis:66.66%\">\n<figure class=\"wp-block-embed is-type-video is-provider-youtube wp-block-embed-youtube wp-embed-aspect-16-9 wp-has-aspect-ratio\"><div class=\"wp-block-embed__wrapper\">\n<div class=\"nv-iframe-embed\"><iframe loading=\"lazy\" title=\"DRZEWO HEKATE\" width=\"1200\" height=\"675\" src=\"https:\/\/www.youtube.com\/embed\/894_Rk3JdA4?feature=oembed\" frameborder=\"0\" allow=\"accelerometer; autoplay; clipboard-write; encrypted-media; gyroscope; picture-in-picture; web-share\" referrerpolicy=\"strict-origin-when-cross-origin\" allowfullscreen><\/iframe><\/div>\n<\/div><\/figure>\n<\/div>\n<\/div>\n\n\n\n<div style=\"height:27px\" aria-hidden=\"true\" class=\"wp-block-spacer\"><\/div>\n\n\n\n<hr class=\"wp-block-separator has-text-color has-nv-light-bg-color has-alpha-channel-opacity has-nv-light-bg-background-color has-background\"\/>\n\n\n\n<div style=\"height:36px\" aria-hidden=\"true\" class=\"wp-block-spacer\"><\/div>\n\n\n\n<div class=\"wp-block-group\"><div class=\"wp-block-group__inner-container is-layout-flow wp-block-group-is-layout-flow\">\n<figure class=\"wp-block-gallery has-nested-images columns-4 is-cropped wp-block-gallery-2 is-layout-flex wp-block-gallery-is-layout-flex\">\n<figure class=\"wp-block-image size-large has-custom-border\"><img loading=\"lazy\" decoding=\"async\" width=\"1024\" height=\"759\" data-id=\"538\" src=\"https:\/\/www.nataliaannakalisz.pl\/wp-content\/uploads\/2024\/08\/449781973_10233695377381732_2233951093229740475_n-1024x759.jpg\" alt=\"\" class=\"has-border-color has-nv-dark-bg-border-color wp-image-538\" style=\"border-width:1px\" srcset=\"https:\/\/www.nataliaannakalisz.pl\/wp-content\/uploads\/2024\/08\/449781973_10233695377381732_2233951093229740475_n-1024x759.jpg 1024w, https:\/\/www.nataliaannakalisz.pl\/wp-content\/uploads\/2024\/08\/449781973_10233695377381732_2233951093229740475_n-300x222.jpg 300w, https:\/\/www.nataliaannakalisz.pl\/wp-content\/uploads\/2024\/08\/449781973_10233695377381732_2233951093229740475_n-768x569.jpg 768w, https:\/\/www.nataliaannakalisz.pl\/wp-content\/uploads\/2024\/08\/449781973_10233695377381732_2233951093229740475_n-1536x1139.jpg 1536w, https:\/\/www.nataliaannakalisz.pl\/wp-content\/uploads\/2024\/08\/449781973_10233695377381732_2233951093229740475_n.jpg 2048w\" sizes=\"auto, (max-width: 1024px) 100vw, 1024px\" \/><\/figure>\n\n\n\n<figure class=\"wp-block-image size-large has-custom-border\"><img loading=\"lazy\" decoding=\"async\" width=\"960\" height=\"533\" data-id=\"510\" src=\"https:\/\/www.nataliaannakalisz.pl\/wp-content\/uploads\/2024\/08\/441482320_10233372493549838_5903018530673189053_n-1.jpg\" alt=\"\" class=\"has-border-color has-nv-dark-bg-border-color wp-image-510\" style=\"border-width:1px\" srcset=\"https:\/\/www.nataliaannakalisz.pl\/wp-content\/uploads\/2024\/08\/441482320_10233372493549838_5903018530673189053_n-1.jpg 960w, https:\/\/www.nataliaannakalisz.pl\/wp-content\/uploads\/2024\/08\/441482320_10233372493549838_5903018530673189053_n-1-300x167.jpg 300w, https:\/\/www.nataliaannakalisz.pl\/wp-content\/uploads\/2024\/08\/441482320_10233372493549838_5903018530673189053_n-1-768x426.jpg 768w\" sizes=\"auto, (max-width: 960px) 100vw, 960px\" \/><\/figure>\n<\/figure>\n\n\n\n<div style=\"height:18px\" aria-hidden=\"true\" class=\"wp-block-spacer\"><\/div>\n\n\n\n<hr class=\"wp-block-separator has-text-color has-nv-light-bg-color has-alpha-channel-opacity has-nv-light-bg-background-color has-background\"\/>\n\n\n\n<div class=\"wp-block-columns is-layout-flex wp-container-core-columns-is-layout-9d6595d7 wp-block-columns-is-layout-flex\">\n<div class=\"wp-block-column is-layout-flow wp-block-column-is-layout-flow\">\n<figure class=\"wp-block-image size-large has-custom-border\"><img loading=\"lazy\" decoding=\"async\" width=\"1024\" height=\"1024\" src=\"https:\/\/www.nataliaannakalisz.pl\/wp-content\/uploads\/2024\/08\/441149116_459254056562670_3477214703909890723_n-edited-1024x1024.jpg\" alt=\"\" class=\"has-border-color has-nv-dark-bg-border-color wp-image-246\" style=\"border-width:1px\" srcset=\"https:\/\/www.nataliaannakalisz.pl\/wp-content\/uploads\/2024\/08\/441149116_459254056562670_3477214703909890723_n-edited-1024x1024.jpg 1024w, https:\/\/www.nataliaannakalisz.pl\/wp-content\/uploads\/2024\/08\/441149116_459254056562670_3477214703909890723_n-edited-300x300.jpg 300w, https:\/\/www.nataliaannakalisz.pl\/wp-content\/uploads\/2024\/08\/441149116_459254056562670_3477214703909890723_n-edited-150x150.jpg 150w, https:\/\/www.nataliaannakalisz.pl\/wp-content\/uploads\/2024\/08\/441149116_459254056562670_3477214703909890723_n-edited-768x768.jpg 768w, https:\/\/www.nataliaannakalisz.pl\/wp-content\/uploads\/2024\/08\/441149116_459254056562670_3477214703909890723_n-edited-1536x1536.jpg 1536w, https:\/\/www.nataliaannakalisz.pl\/wp-content\/uploads\/2024\/08\/441149116_459254056562670_3477214703909890723_n-edited.jpg 1652w\" sizes=\"auto, (max-width: 1024px) 100vw, 1024px\" \/><\/figure>\n<\/div>\n\n\n\n<div class=\"wp-block-column is-layout-flow wp-block-column-is-layout-flow\">\n<figure class=\"wp-block-image size-large has-custom-border\"><img loading=\"lazy\" decoding=\"async\" width=\"1024\" height=\"571\" src=\"https:\/\/www.nataliaannakalisz.pl\/wp-content\/uploads\/2024\/08\/3-min-1024x571.jpg\" alt=\"\" class=\"has-border-color has-nv-dark-bg-border-color wp-image-508\" style=\"border-width:1px\" srcset=\"https:\/\/www.nataliaannakalisz.pl\/wp-content\/uploads\/2024\/08\/3-min-1024x571.jpg 1024w, https:\/\/www.nataliaannakalisz.pl\/wp-content\/uploads\/2024\/08\/3-min-300x167.jpg 300w, https:\/\/www.nataliaannakalisz.pl\/wp-content\/uploads\/2024\/08\/3-min-768x428.jpg 768w, https:\/\/www.nataliaannakalisz.pl\/wp-content\/uploads\/2024\/08\/3-min-1536x856.jpg 1536w, https:\/\/www.nataliaannakalisz.pl\/wp-content\/uploads\/2024\/08\/3-min-2048x1141.jpg 2048w\" sizes=\"auto, (max-width: 1024px) 100vw, 1024px\" \/><\/figure>\n\n\n\n<hr class=\"wp-block-separator has-css-opacity is-style-default\"\/>\n\n\n\n<blockquote class=\"wp-block-quote has-text-align-center is-style-large is-layout-flow wp-block-quote-is-layout-flow\">\n<p style=\"font-size:15px\">&#8222;Le\u017cymy w czerwono &#8211; rudych li\u015bciach.<br>Jest ciasno i przyjemnie.<br>Tutaj, pomi\u0119dzy sto\u0142em a \u0142\u00f3\u017ckiem.<br>Patrzymy w obraz.<br>Patrzymy w siebie (&#8230;)&#8221;.<\/p>\n<cite>\u2014 Natalia Anna Kalisz<\/cite><\/blockquote>\n\n\n\n<hr class=\"wp-block-separator has-css-opacity is-style-default\"\/>\n<\/div>\n<\/div>\n\n\n\n<div class=\"wp-block-columns is-layout-flex wp-container-core-columns-is-layout-9d6595d7 wp-block-columns-is-layout-flex\">\n<div class=\"wp-block-column is-layout-flow wp-block-column-is-layout-flow\" style=\"flex-basis:66.66%\">\n<figure class=\"wp-block-image size-large is-resized has-custom-border is-style-default\"><img loading=\"lazy\" decoding=\"async\" width=\"1024\" height=\"576\" src=\"https:\/\/www.nataliaannakalisz.pl\/wp-content\/uploads\/2024\/08\/IMG_20240510_210915-min-1024x576.jpg\" alt=\"\" class=\"has-border-color has-nv-dark-bg-border-color wp-image-512\" style=\"border-width:1px;width:750px;height:auto\" srcset=\"https:\/\/www.nataliaannakalisz.pl\/wp-content\/uploads\/2024\/08\/IMG_20240510_210915-min-1024x576.jpg 1024w, https:\/\/www.nataliaannakalisz.pl\/wp-content\/uploads\/2024\/08\/IMG_20240510_210915-min-300x169.jpg 300w, https:\/\/www.nataliaannakalisz.pl\/wp-content\/uploads\/2024\/08\/IMG_20240510_210915-min-768x432.jpg 768w, https:\/\/www.nataliaannakalisz.pl\/wp-content\/uploads\/2024\/08\/IMG_20240510_210915-min-1536x864.jpg 1536w, https:\/\/www.nataliaannakalisz.pl\/wp-content\/uploads\/2024\/08\/IMG_20240510_210915-min-2048x1153.jpg 2048w\" sizes=\"auto, (max-width: 1024px) 100vw, 1024px\" \/><\/figure>\n<\/div>\n\n\n\n<div class=\"wp-block-column is-layout-flow wp-block-column-is-layout-flow\" style=\"flex-basis:33.33%\">\n<figure class=\"wp-block-image size-full\"><img decoding=\"async\" src=\"https:\/\/www.nataliaannakalisz.pl\/wp-content\/uploads\/2024\/08\/plakat-wersja-2_wystawa_arthub_heksa_2024_compressed_page-0001.jpg\" alt=\"\" class=\"wp-image-514\"\/><\/figure>\n<\/div>\n<\/div>\n\n\n\n<div class=\"wp-block-group alignfull\" style=\"padding-top:var(--wp--preset--spacing--30);padding-right:var(--wp--preset--spacing--30);padding-bottom:var(--wp--preset--spacing--30);padding-left:var(--wp--preset--spacing--30)\"><div class=\"wp-block-group__inner-container is-layout-constrained wp-container-core-group-is-layout-97875daf wp-block-group-is-layout-constrained\">\n<hr class=\"wp-block-separator has-text-color has-nv-light-bg-color has-alpha-channel-opacity has-nv-light-bg-background-color has-background\"\/>\n<\/div><\/div>\n\n\n\n<div class=\"wp-block-columns is-layout-flex wp-container-core-columns-is-layout-9d6595d7 wp-block-columns-is-layout-flex\">\n<div class=\"wp-block-column is-layout-flow wp-block-column-is-layout-flow\" style=\"flex-basis:33.33%\">\n<figure class=\"wp-block-image size-large is-resized has-custom-border\"><img loading=\"lazy\" decoding=\"async\" width=\"1024\" height=\"767\" src=\"https:\/\/www.nataliaannakalisz.pl\/wp-content\/uploads\/2024\/08\/89527245_100747028225102_8151594301399236608_n-edited-1024x767.jpeg\" alt=\"\" class=\"has-border-color has-nv-dark-bg-border-color wp-image-517\" style=\"border-width:1px;width:400px;height:auto\" srcset=\"https:\/\/www.nataliaannakalisz.pl\/wp-content\/uploads\/2024\/08\/89527245_100747028225102_8151594301399236608_n-edited-1024x767.jpeg 1024w, https:\/\/www.nataliaannakalisz.pl\/wp-content\/uploads\/2024\/08\/89527245_100747028225102_8151594301399236608_n-edited-300x225.jpeg 300w, https:\/\/www.nataliaannakalisz.pl\/wp-content\/uploads\/2024\/08\/89527245_100747028225102_8151594301399236608_n-edited-768x576.jpeg 768w, https:\/\/www.nataliaannakalisz.pl\/wp-content\/uploads\/2024\/08\/89527245_100747028225102_8151594301399236608_n-edited-1536x1151.jpeg 1536w, https:\/\/www.nataliaannakalisz.pl\/wp-content\/uploads\/2024\/08\/89527245_100747028225102_8151594301399236608_n-edited.jpeg 1824w\" sizes=\"auto, (max-width: 1024px) 100vw, 1024px\" \/><\/figure>\n<\/div>\n\n\n\n<div class=\"wp-block-column is-layout-flow wp-block-column-is-layout-flow\" style=\"flex-basis:66.66%\">\n<p style=\"font-size:15px\"><strong>PAWE\u0141 ODOROWICZ<\/strong><\/p>\n\n\n\n<p class=\"has-text-align-center\" style=\"font-size:15px\"><br>Prywatnie m\u00f3j m\u0105\u017c i po\u0142\u0105czona ze mn\u0105 tw\u00f3rcza dusza. <br>Genialny altowiolista (muzyk instrumentalista \u2013 alt\u00f3wka), sideman, performer, kompozytor, aran\u017cer, producent muzyczny i re\u017cyser nagra\u0144. Komponuje i nagrywa muzyk\u0119 ilustracyjn\u0105, filmow\u0105, teatraln\u0105. Zwolennik synkretyzmu wszystkich p\u0142aszczyzn sztuki. Wyznawca teorii, \u017ce jedyne, co nas ogranicza, to nasza w\u0142asna wyobra\u017ania, bo energia, kt\u00f3r\u0105 tworzymy i kt\u00f3ra nas tworzy, sama z siebie jest niesko\u0144czona, wszechobecna. <br>Zapraszam do zapoznania si\u0119 z oficjaln\u0105 stron\u0105 internetow\u0105 Paw\u0142a i jego niezwyk\u0142\u0105 tw\u00f3rczo\u015bci\u0105.<\/p>\n<\/div>\n<\/div>\n\n\n\n<div class=\"wp-block-buttons is-content-justification-right is-layout-flex wp-container-core-buttons-is-layout-765c4724 wp-block-buttons-is-layout-flex\">\n<div class=\"wp-block-button is-style-secondary\"><a class=\"wp-block-button__link wp-element-button\" href=\"https:\/\/odorowicz.com\/\" target=\"_blank\" rel=\"noreferrer noopener\">www.odorowicz.com<\/a><\/div>\n<\/div>\n<\/div><\/div>\n\n\n\n<p><\/p>\n","protected":false},"excerpt":{"rendered":"<p>Performance &#8222;Drzewo Hekate&#8221; &#8222;Le\u017cymy w czerwono &#8211; rudych li\u015bciach.Jest ciasno i przyjemnie.Tutaj, pomi\u0119dzy sto\u0142em a \u0142\u00f3\u017ckiem.Patrzymy w obraz.Patrzymy w siebie (&#8230;)&#8221;. PAWE\u0141 ODOROWICZ Prywatnie m\u00f3j m\u0105\u017c i po\u0142\u0105czona ze mn\u0105 tw\u00f3rcza dusza. Genialny altowiolista (muzyk instrumentalista \u2013 alt\u00f3wka), sideman, performer, kompozytor, aran\u017cer, producent muzyczny i re\u017cyser nagra\u0144. Komponuje i nagrywa muzyk\u0119 ilustracyjn\u0105, filmow\u0105, teatraln\u0105. Zwolennik&hellip;&nbsp;<a href=\"https:\/\/www.nataliaannakalisz.pl\/index.php\/performance\/\" rel=\"bookmark\">Dowiedz si\u0119 wi\u0119cej &raquo;<span class=\"screen-reader-text\">PERFORMANCE<\/span><\/a><\/p>\n","protected":false},"author":1,"featured_media":0,"parent":0,"menu_order":0,"comment_status":"closed","ping_status":"closed","template":"","meta":{"neve_meta_sidebar":"","neve_meta_container":"","neve_meta_enable_content_width":"","neve_meta_content_width":0,"neve_meta_title_alignment":"","neve_meta_author_avatar":"","neve_post_elements_order":"","neve_meta_disable_header":"","neve_meta_disable_footer":"","neve_meta_disable_title":"","ngg_post_thumbnail":0,"footnotes":""},"class_list":["post-478","page","type-page","status-publish","hentry"],"_links":{"self":[{"href":"https:\/\/www.nataliaannakalisz.pl\/index.php\/wp-json\/wp\/v2\/pages\/478","targetHints":{"allow":["GET"]}}],"collection":[{"href":"https:\/\/www.nataliaannakalisz.pl\/index.php\/wp-json\/wp\/v2\/pages"}],"about":[{"href":"https:\/\/www.nataliaannakalisz.pl\/index.php\/wp-json\/wp\/v2\/types\/page"}],"author":[{"embeddable":true,"href":"https:\/\/www.nataliaannakalisz.pl\/index.php\/wp-json\/wp\/v2\/users\/1"}],"replies":[{"embeddable":true,"href":"https:\/\/www.nataliaannakalisz.pl\/index.php\/wp-json\/wp\/v2\/comments?post=478"}],"version-history":[{"count":14,"href":"https:\/\/www.nataliaannakalisz.pl\/index.php\/wp-json\/wp\/v2\/pages\/478\/revisions"}],"predecessor-version":[{"id":552,"href":"https:\/\/www.nataliaannakalisz.pl\/index.php\/wp-json\/wp\/v2\/pages\/478\/revisions\/552"}],"wp:attachment":[{"href":"https:\/\/www.nataliaannakalisz.pl\/index.php\/wp-json\/wp\/v2\/media?parent=478"}],"curies":[{"name":"wp","href":"https:\/\/api.w.org\/{rel}","templated":true}]}}